{"id":16,"date":"2023-09-06T00:16:20","date_gmt":"2023-09-06T00:16:20","guid":{"rendered":"https:\/\/mater.sitios.com.uy\/?page_id=16"},"modified":"2023-10-31T17:35:18","modified_gmt":"2023-10-31T17:35:18","slug":"inicio","status":"publish","type":"page","link":"https:\/\/landing.materterra.com.uy\/","title":{"rendered":"Inicio"},"content":{"rendered":"<section class=\"bde-section-16-100 bde-section\">\n  \n\t\n\n\n\n<div class=\"section-container\"><div class=\"bde-image-16-101 bde-image\">\n  \n\n\n\n\n\n<figure class=\"breakdance-image breakdance-image--67\">\n\t<div class=\"breakdance-image-container\">\n\t\t<div class=\"breakdance-image-clip\">\n\t\t\t\n\t\t\t\t\n\t\t\t\t\t      \n  \n  \n  \n  \n      \n      <img loading=\"lazy\" decoding=\"async\"\n      class=\"breakdance-image-object\"\n      src=\"https:\/\/landing.materterra.com.uy\/wp-content\/uploads\/2023\/09\/logo-mater.png\"\n      width=\"300\"\n      height=\"61\"\n      \n      \n                                      sizes=\"auto, (max-width: 300px) 100vw, 300px\"\n                  >\n  \n\n\t\t\t\t\t\n\t\t\t\t\t\t<\/div>\n\t<\/div>\n\n\t<\/figure>\n\n<\/div><\/div>\n<\/section><style>.breakdance .bde-section-16-102{background-image:url(https:\/\/landing.materterra.com.uy\/wp-content\/uploads\/2023\/10\/bg.webp)}.breakdance .bde-section-16-102>.section-background-overlay{background:linear-gradient(0deg,rgba(0,0,0,0.35) 0%,rgba(0,0,0,0.25) 99.48717948717949%)}<\/style><section class=\"bde-section-16-102 bde-section\">\n              \n  \n\t\n\n  <div class=\"section-background-overlay\"><\/div>\n\n\n<div class=\"section-container\"><div class=\"bde-div-16-106 bde-div\">\n  \n\t\n\n\n\n<h1 class=\"bde-heading-16-103 bde-heading\">\n30 A\u00f1os junto a tus seres queridos\n<\/h1><div class=\"bde-text-16-104 bde-text\">\nCelebramos con m\u00e1s Promociones\n<\/div>\n<\/div><div class=\"bde-button-16-105 bde-button triggerwhatsapp\">\n    \n                                    \n    \n    \n    \n    \n            \n                    \n            \n            \n\n    \n    \n    \n    \n    <a class=\"breakdance-link button-atom button-atom--primary bde-button__button\" href=\"https:\/\/wa.me\/59897251174?text=Hola%2C%20me%20contacto%20desde%20la%20p%C3%A1gina%20web%20de%20Mater%20Terra.%20\" target=\"_self\" data-type=\"url\"  >\n\n    \n        <span class=\"button-atom__text\">Quiero saber m\u00e1s<\/span>\n\n        \n        \n                <\/a>\n\n    \n\n\n<\/div><\/div>\n<\/section><section class=\"bde-section-16-107 bde-section\">\n  \n\t\n\n\n\n<div class=\"section-container\"><div class=\"bde-div-16-110 bde-div\">\n  \n\t\n\n\n\n<h1 class=\"bde-heading-16-108 bde-heading\">\nNuestros Planes de cobertura Previsional\n<\/h1><div class=\"bde-text-16-109 bde-text\">\nHasta un 50% de descuento durante 6 meses en:\n<\/div>\n<\/div><div class=\"bde-div-16-204 bde-div\">\n  \n\t\n\n\n\n<div class=\"bde-grid-16-111 bde-grid\">\n  \n\t\n\n\n\n<div class=\"bde-div-16-112 bde-div\">\n  \n\t\n\n\n\n<div class=\"bde-image-16-113 bde-image\">\n  \n\n\n\n\n\n<figure class=\"breakdance-image breakdance-image--138\">\n\t<div class=\"breakdance-image-container\">\n\t\t<div class=\"breakdance-image-clip\">\n\t\t\t\n\t\t\t\t\n\t\t\t\t\t      \n  \n  \n  \n  \n      \n      <img loading=\"lazy\" decoding=\"async\"\n      class=\"breakdance-image-object\"\n      src=\"https:\/\/landing.materterra.com.uy\/wp-content\/uploads\/2023\/10\/Mesa-de-trabajo-6-1.png\"\n      width=\"135\"\n      height=\"125\"\n      \n      \n                                      sizes=\"auto, (max-width: 135px) 100vw, 135px\"\n                  >\n  \n\n\t\t\t\t\t\n\t\t\t\t\t\t<\/div>\n\t<\/div>\n\n\t<\/figure>\n\n<\/div><div class=\"bde-div-16-117 bde-div\">\n  \n\t\n\n\n\n<h1 class=\"bde-heading-16-114 bde-heading\">\nServicio F\u00fanebre m\u00e1s Cementerio Parque\n<\/h1><div class=\"bde-text-16-116 bde-text\">\nEl plan que m\u00e1s tranquilidad le ofrece. Con la garant\u00eda de dejar todo resuelto.\n<\/div>\n<\/div><div class=\"bde-button-16-115 bde-button triggerwhatsapp\" msg=\"Hola, me contacto desde la p\u00e1gina web de Jardines de Mater Terra. Quisiera consultar por Servicio F\u00fanebre m\u00e1s Cementerio Parque.\">\n    \n                                    \n    \n    \n    \n    \n            \n                    \n            \n            \n\n    \n    \n    \n    \n    <a class=\"breakdance-link button-atom button-atom--primary bde-button__button\" href=\"https:\/\/wa.me\/59897251174?text=Hola%2C%20me%20contacto%20desde%20la%20p%C3%A1gina%20web%20de%20Mater%20Terra.%20\" target=\"_self\" data-type=\"url\"  >\n\n    \n        <span class=\"button-atom__text\">M\u00e1s informaci\u00f3n<\/span>\n\n        \n        \n                <\/a>\n\n    \n\n\n<\/div>\n<\/div><div class=\"bde-div-16-161 bde-div\">\n  \n\t\n\n\n\n<div class=\"bde-image-16-162 bde-image\">\n  \n\n\n\n\n\n<figure class=\"breakdance-image breakdance-image--137\">\n\t<div class=\"breakdance-image-container\">\n\t\t<div class=\"breakdance-image-clip\">\n\t\t\t\n\t\t\t\t\n\t\t\t\t\t      \n  \n  \n  \n  \n      \n      <img loading=\"lazy\" decoding=\"async\"\n      class=\"breakdance-image-object\"\n      src=\"https:\/\/landing.materterra.com.uy\/wp-content\/uploads\/2023\/10\/Rectangle-22.png\"\n      width=\"135\"\n      height=\"116\"\n      \n      \n                                      sizes=\"auto, (max-width: 135px) 100vw, 135px\"\n                  >\n  \n\n\t\t\t\t\t\n\t\t\t\t\t\t<\/div>\n\t<\/div>\n\n\t<\/figure>\n\n<\/div><div class=\"bde-div-16-163 bde-div\">\n  \n\t\n\n\n\n<h1 class=\"bde-heading-16-164 bde-heading\">\nServicio f\u00fanebre m\u00e1s Cremaci\u00f3n\n<\/h1><div class=\"bde-text-16-165 bde-text\">\nOfrecemos la soluci\u00f3n de Servicio F\u00fanebre con o sin velatorio y el Crematorio Privado.\n<\/div>\n<\/div><div class=\"bde-button-16-166 bde-button triggerwhatsapp\" msg=\"Hola, me contacto desde la p\u00e1gina web de Previsora Mater Terra. Quisiera consultar por Servicio f\u00fanebre m\u00e1s Cremaci\u00f3n.\">\n    \n                                    \n    \n    \n    \n    \n            \n                    \n            \n            \n\n    \n    \n    \n    \n    <a class=\"breakdance-link button-atom button-atom--primary bde-button__button\" href=\"https:\/\/wa.me\/59897251174?text=Hola%2C%20me%20contacto%20desde%20la%20p%C3%A1gina%20web%20de%20Mater%20Terra.%20\" target=\"_self\" data-type=\"url\"  >\n\n    \n        <span class=\"button-atom__text\">M\u00e1s informaci\u00f3n<\/span>\n\n        \n        \n                <\/a>\n\n    \n\n\n<\/div>\n<\/div><div class=\"bde-div-16-124 bde-div\">\n  \n\t\n\n\n\n<div class=\"bde-image-16-125 bde-image\">\n  \n\n\n\n\n\n<figure class=\"breakdance-image breakdance-image--124\">\n\t<div class=\"breakdance-image-container\">\n\t\t<div class=\"breakdance-image-clip\">\n\t\t\t\n\t\t\t\t\n\t\t\t\t\t      \n  \n  \n  \n  \n      \n      <img loading=\"lazy\" decoding=\"async\"\n      class=\"breakdance-image-object\"\n      src=\"https:\/\/landing.materterra.com.uy\/wp-content\/uploads\/2023\/10\/Mesa-de-trabajo-2.png\"\n      width=\"176\"\n      height=\"164\"\n      \n      \n                                      sizes=\"auto, (max-width: 176px) 100vw, 176px\"\n                  >\n  \n\n\t\t\t\t\t\n\t\t\t\t\t\t<\/div>\n\t<\/div>\n\n\t<\/figure>\n\n<\/div><div class=\"bde-div-16-126 bde-div\">\n  \n\t\n\n\n\n<h1 class=\"bde-heading-16-127 bde-heading\">\nServicio de Cremaci\u00f3n\n<\/h1><div class=\"bde-text-16-128 bde-text\">\nUna opci\u00f3n diferente en una Crematorio Privado.\n<\/div>\n<\/div><div class=\"bde-button-16-129 bde-button triggerwhatsapp\" msg=\"Hola, me contacto desde la p\u00e1gina web de Previsora Mater Terra. Quisiera consultar por Servicio de Cremaci\u00f3n.\">\n    \n                                    \n    \n    \n    \n    \n            \n                    \n            \n            \n\n    \n    \n    \n    \n    <a class=\"breakdance-link button-atom button-atom--primary bde-button__button\" href=\"https:\/\/wa.me\/59897251174?text=Hola%2C%20me%20contacto%20desde%20la%20p%C3%A1gina%20web%20de%20Mater%20Terra.%20\" target=\"_self\" data-type=\"url\"  >\n\n    \n        <span class=\"button-atom__text\">M\u00e1s informaci\u00f3n<\/span>\n\n        \n        \n                <\/a>\n\n    \n\n\n<\/div>\n<\/div><div class=\"bde-div-16-209 bde-div\">\n  \n\t\n\n\n\n<div class=\"bde-image-16-210 bde-image\">\n  \n\n\n\n\n\n<figure class=\"breakdance-image breakdance-image--123\">\n\t<div class=\"breakdance-image-container\">\n\t\t<div class=\"breakdance-image-clip\">\n\t\t\t\n\t\t\t\t\n\t\t\t\t\t      \n  \n  \n  \n  \n      \n      <img loading=\"lazy\" decoding=\"async\"\n      class=\"breakdance-image-object\"\n      src=\"https:\/\/landing.materterra.com.uy\/wp-content\/uploads\/2023\/10\/Mesa-de-trabajo-3.png\"\n      width=\"161\"\n      height=\"149\"\n      \n      \n                                      sizes=\"auto, (max-width: 161px) 100vw, 161px\"\n                  >\n  \n\n\t\t\t\t\t\n\t\t\t\t\t\t<\/div>\n\t<\/div>\n\n\t<\/figure>\n\n<\/div><div class=\"bde-div-16-211 bde-div\">\n  \n\t\n\n\n\n<h1 class=\"bde-heading-16-212 bde-heading\">\nCementerio Parque\n<\/h1><div class=\"bde-text-16-213 bde-text\">\nUna soluci\u00f3n definitiva, a perpetuidad, en un entorno natural y \u00fanico\n<\/div>\n<\/div><div class=\"bde-button-16-214 bde-button triggerwhatsapp\" msg=\"Hola, me contacto desde la p\u00e1gina web de Previsora Mater Terra. Quisiera consultar por Cementerio Parque.\">\n    \n                                    \n    \n    \n    \n    \n            \n                    \n            \n            \n\n    \n    \n    \n    \n    <a class=\"breakdance-link button-atom button-atom--primary bde-button__button\" href=\"https:\/\/wa.me\/59897251174?text=Hola%2C%20me%20contacto%20desde%20la%20p%C3%A1gina%20web%20de%20Mater%20Terra.%20\" target=\"_self\" data-type=\"url\"  >\n\n    \n        <span class=\"button-atom__text\">M\u00e1s informaci\u00f3n<\/span>\n\n        \n        \n                <\/a>\n\n    \n\n\n<\/div>\n<\/div>\n<\/div>\n<\/div><\/div>\n<\/section><section class=\"bde-section-16-135 bde-section\">\n              \n  \n\t\n\n  <div class=\"section-background-overlay\"><\/div>\n\n\n<div class=\"section-container\"><div class=\"bde-div-16-136 bde-div\">\n  \n\t\n\n\n\n<h1 class=\"bde-heading-16-137 bde-heading\">\nCont\u00e1ctenos\n<\/h1><div class=\"bde-div-16-141 bde-div\">\n  \n\t\n\n\n\n<div class=\"bde-button-16-140 bde-button triggerwhatsapp\">\n    \n                                    \n    \n    \n    \n    \n            \n                    \n            \n            \n\n    \n    \n    \n    \n    <a class=\"breakdance-link button-atom button-atom--primary bde-button__button\" href=\"https:\/\/wa.me\/59897251174?text=Hola%2C%20me%20contacto%20desde%20la%20p%C3%A1gina%20web%20de%20Mater%20Terra.%20\" target=\"_self\" data-type=\"url\"  >\n\n    \n        <span class=\"button-atom__text\">WhatsApp<\/span>\n\n        \n        \n                <\/a>\n\n    \n\n\n<\/div><div class=\"bde-button-16-142 bde-button\">\n    \n                                    \n    \n    \n    \n    \n            \n                    \n            \n            \n\n    \n    \n    \n    \n    <a class=\"breakdance-link button-atom button-atom--secondary bde-button__button\" href=\"tel:08008781\" target=\"_self\" data-type=\"contact\"  >\n\n    \n        <span class=\"button-atom__text\">Tel: 0800 8781<\/span>\n\n        \n        \n                <\/a>\n\n    \n\n\n<\/div>\n<\/div><div class=\"bde-text-16-138 bde-text\">\nComplete el siguiente formulario para enviarnos un email y le responderemos a la brevedad.\n<\/div><div class=\"bde-form-builder-16-143 bde-form-builder\">\n\n\n<form id=\"contact-form143\" class=\"breakdance-form breakdance-form--vertical \" data-options=\"{&quot;slug&quot;:&quot;custom&quot;,&quot;name&quot;:&quot;Contact Form&quot;,&quot;ajaxUrl&quot;:&quot;https:\\\/\\\/landing.materterra.com.uy\\\/wp-admin\\\/admin-ajax.php&quot;,&quot;clearOnSuccess&quot;:true,&quot;hideOnSuccess&quot;:false,&quot;successMessage&quot;:&quot;Su mensaje ha sido recibido!&quot;,&quot;errorMessage&quot;:&quot;Algo anduvo mal.&quot;,&quot;redirect&quot;:null,&quot;redirectUrl&quot;:null,&quot;customJavaScript&quot;:null,&quot;recaptcha&quot;:{&quot;key&quot;:&quot;&quot;,&quot;enabled&quot;:null},&quot;honeypot_enabled&quot;:null,&quot;popupsOnSuccess&quot;:[],&quot;popupsOnError&quot;:[]}\" data-steps=\"0\" >\n  \n  \n  \n<div class=\"breakdance-form-field breakdance-form-field--text\" >\n    \n    \n            <label class=\"breakdance-form-field__label\" for=\"name\">\n            Nombre y Apellido<span class=\"breakdance-form-field__required\">*<\/span>\n        <\/label>\n    \n    <input\n    class=\"breakdance-form-field__input\"\n    id=\"name\"\n    aria-describedby=\"name\"\n    type=\"text\"\n    name=\"fields[name]\"\n    placeholder=\"Nombre y Apellido\"\n    value=\"\"\n                \n        \n        \n    required\n    \n    \n>\n\n\n    \n    \n<\/div>\n\n\n<div class=\"breakdance-form-field breakdance-form-field--email\" >\n    \n    \n            <label class=\"breakdance-form-field__label\" for=\"email\">\n            Correo electr\u00f3nico<span class=\"breakdance-form-field__required\">*<\/span>\n        <\/label>\n    \n    <input\n    class=\"breakdance-form-field__input\"\n    id=\"email\"\n    aria-describedby=\"email\"\n    type=\"email\"\n    name=\"fields[email]\"\n    placeholder=\"Correo electr\u00f3nico\"\n    value=\"\"\n                \n        \n        \n    required\n    \n    \n>\n\n\n    \n    \n<\/div>\n\n\n<div class=\"breakdance-form-field breakdance-form-field--tel\" >\n    \n    \n            <label class=\"breakdance-form-field__label\" for=\"ypyrty\">\n            Tel\u00e9fono\n        <\/label>\n    \n    <input\n    class=\"breakdance-form-field__input\"\n    id=\"ypyrty\"\n    aria-describedby=\"ypyrty\"\n    type=\"tel\"\n    name=\"fields[ypyrty]\"\n    placeholder=\"Tel\u00e9fono\"\n    value=\"\"\n                \n        \n        \n    \n    \n    \n>\n\n\n    \n    \n<\/div>\n\n\n<div class=\"breakdance-form-field breakdance-form-field--textarea\" >\n    \n    \n            <label class=\"breakdance-form-field__label\" for=\"message\">\n            Mensaje<span class=\"breakdance-form-field__required\">*<\/span>\n        <\/label>\n    \n    <textarea\n    class=\"breakdance-form-field__input\"\n    id=\"message\"\n    aria-describedby=\"message\"\n    type=\"textarea\"\n    name=\"fields[message]\"\n        placeholder=\"Mensaje\"\n    required\n    >\n<\/textarea>\n\n\n    \n    \n<\/div>\n\n\n<div class=\"breakdance-form-field breakdance-form-field--hidden\" >\n    \n    \n    \n    <input\n    id=\"csrfToken\"\n    type=\"hidden\"\n    name=\"fields[csrfToken]\"\n    value=\"6cd28566ed\"\n    >\n\n\n    \n    \n<\/div>\n\n\n  \n\n<footer class=\"breakdance-form-field breakdance-form-footer\">\n    \n    \n                                    \n    \n    \n    \n    \n            \n            <button type=\"submit\" class=\"button-atom button-atom--primary breakdance-form-button breakdance-form-button__submit\"  >\n    \n        <span class=\"button-atom__text\">Enviar<\/span>\n\n        \n        \n            <\/button>\n    \n    <input type=\"hidden\" name=\"form_id\" value=\"143\">\n    <input type=\"hidden\" name=\"post_id\" value=\"16\">\n<\/footer>\n\n  \n<\/form>\n\n\n\n<\/div>\n<\/div><\/div>\n<\/section><section id=\"footer\" class=\"bde-section-16-150 bde-section\">\n  \n\t\n\n\n\n<div class=\"section-container\"><div class=\"bde-image-16-160 bde-image\">\n  \n\n\n\n\n\n<figure class=\"breakdance-image breakdance-image--67\">\n\t<div class=\"breakdance-image-container\">\n\t\t<div class=\"breakdance-image-clip\">\n\t\t\t\n\t\t\t\t\n\t\t\t\t\t      \n  \n  \n  \n  \n      \n      <img loading=\"lazy\" decoding=\"async\"\n      class=\"breakdance-image-object\"\n      src=\"https:\/\/landing.materterra.com.uy\/wp-content\/uploads\/2023\/09\/logo-mater.png\"\n      width=\"300\"\n      height=\"61\"\n      \n      \n                                      sizes=\"auto, (max-width: 300px) 100vw, 300px\"\n                  >\n  \n\n\t\t\t\t\t\n\t\t\t\t\t\t<\/div>\n\t<\/div>\n\n\t<\/figure>\n\n<\/div><div class=\"bde-div-16-208 bde-div\">\n  \n\t\n\n\n\n<a class=\"bde-container-link-16-205 bde-container-link breakdance-link\" href=\"https:\/\/sitios.uy\" target=\"_self\" data-type=\"url\">\n  \n\t\n\n\n\n<div class=\"bde-text-16-206 bde-text\">\nDise\u00f1o Web por\u00a0Sitios\n<\/div><div class=\"bde-image-16-207 bde-image\">\n  \n\n\n\n\n\n<figure class=\"breakdance-image breakdance-image--111\">\n\t<div class=\"breakdance-image-container\">\n\t\t<div class=\"breakdance-image-clip\">\n\t\t\t\n\t\t\t\t\n\t\t\t\t\t      \n  \n  \n  \n  \n      \n      <img loading=\"lazy\" decoding=\"async\"\n      class=\"breakdance-image-object\"\n      src=\"https:\/\/landing.materterra.com.uy\/wp-content\/uploads\/2023\/09\/logositios-1-190x300.png\"\n      width=\"190\"\n      height=\"300\"\n      \n      \n                        srcset=\"https:\/\/landing.materterra.com.uy\/wp-content\/uploads\/2023\/09\/logositios-1.png 523w, https:\/\/landing.materterra.com.uy\/wp-content\/uploads\/2023\/09\/logositios-1-190x300.png 190w\"\n                                sizes=\"auto, (max-width: 523px) 100vw, 523px\"\n                  >\n  \n\n\t\t\t\t\t\n\t\t\t\t\t\t<\/div>\n\t<\/div>\n\n\t<\/figure>\n\n<\/div>\n\n<\/a><div class=\"bde-text-16-155 bde-text\">\n\u00a9 2023 Jardines de Mater Terra. Todos los derechos reservados.\n<\/div>\n<\/div><div id=\"whatsappbtn\" class=\"bde-div-16-157 bde-div\">\n  \n\t\n\n\n\n<a class=\"bde-container-link-16-158 bde-container-link triggerwhatsapp breakdance-link\" href=\"https:\/\/wa.me\/59897251174?text=Hola%2C%20me%20contacto%20desde%20la%20p%C3%A1gina%20web%20de%20Mater%20Terra.%20\" target=\"_self\" data-type=\"url\">\n  \n\t\n\n\n\n<div class=\"bde-image-16-159 bde-image\">\n  \n\n\n\n\n\n<figure class=\"breakdance-image breakdance-image--674\">\n\t<div class=\"breakdance-image-container\">\n\t\t<div class=\"breakdance-image-clip\">\n\t\t\t\n\t\t\t\t\n\t\t\t\t\t      \n  \n  \n  \n  \n      \n      <img loading=\"lazy\" decoding=\"async\"\n      class=\"breakdance-image-object\"\n      src=\"https:\/\/sitios.uy\/wp-content\/uploads\/2023\/04\/whatsapp.svg\"\n      width=\"800\"\n      height=\"800\"\n      \n      \n                                      sizes=\"auto, (max-width: 800px) 100vw, 800px\"\n                  >\n  \n\n\t\t\t\t\t\n\t\t\t\t\t\t<\/div>\n\t<\/div>\n\n\t<\/figure>\n\n<\/div>\n\n<\/a>\n<\/div><\/div>\n<\/section>","protected":false},"excerpt":{"rendered":"<p>30 A\u00f1os junto a tus seres queridos Celebramos con m\u00e1s Promociones Quiero saber m\u00e1s Nuestros Planes de cobertura Previsional Hasta un 50% de descuento durante 6 meses en: Servicio F\u00fanebre m\u00e1s Cementerio Parque El plan que m\u00e1s tranquilidad le ofrece. Con la garant\u00eda de dejar todo resuelto. M\u00e1s informaci\u00f3n Servicio f\u00fanebre m\u00e1s Cremaci\u00f3n Ofrecemos la [&hellip;]<\/p>\n","protected":false},"author":1,"featured_media":0,"parent":0,"menu_order":0,"comment_status":"closed","ping_status":"closed","template":"","meta":{"_acf_changed":false,"_breakdance_hide_in_design_set":false,"_breakdance_tags":"","footnotes":""},"class_list":["post-16","page","type-page","status-publish","hentry"],"acf":[],"_links":{"self":[{"href":"https:\/\/landing.materterra.com.uy\/index.php\/wp-json\/wp\/v2\/pages\/16","targetHints":{"allow":["GET"]}}],"collection":[{"href":"https:\/\/landing.materterra.com.uy\/index.php\/wp-json\/wp\/v2\/pages"}],"about":[{"href":"https:\/\/landing.materterra.com.uy\/index.php\/wp-json\/wp\/v2\/types\/page"}],"author":[{"embeddable":true,"href":"https:\/\/landing.materterra.com.uy\/index.php\/wp-json\/wp\/v2\/users\/1"}],"replies":[{"embeddable":true,"href":"https:\/\/landing.materterra.com.uy\/index.php\/wp-json\/wp\/v2\/comments?post=16"}],"version-history":[{"count":81,"href":"https:\/\/landing.materterra.com.uy\/index.php\/wp-json\/wp\/v2\/pages\/16\/revisions"}],"predecessor-version":[{"id":139,"href":"https:\/\/landing.materterra.com.uy\/index.php\/wp-json\/wp\/v2\/pages\/16\/revisions\/139"}],"wp:attachment":[{"href":"https:\/\/landing.materterra.com.uy\/index.php\/wp-json\/wp\/v2\/media?parent=16"}],"curies":[{"name":"wp","href":"https:\/\/api.w.org\/{rel}","templated":true}]}}